{"id":2,"date":"2024-10-29T14:39:06","date_gmt":"2024-10-29T14:39:06","guid":{"rendered":"https:\/\/dittalerum.dk\/?page_id=2"},"modified":"2024-11-08T15:51:26","modified_gmt":"2024-11-08T14:51:26","slug":"sample-page","status":"publish","type":"page","link":"https:\/\/dittalerum.dk\/?page_id=2","title":{"rendered":"Om Dit Talerum"},"content":{"rendered":"\n<p class=\"has-white-color has-text-color has-link-color wp-elements-def2abdc62f343dc62326bb778d805d0\">Jeg hedder J\u00f8rgen Rahb\u00e6k Andreasen og er manden bag Dit Talerum. Min dr\u00f8m med Dit Talerum er, at mennesker, der er blevet ledige, kommer tilbage p\u00e5 arbejdsmarkedet og bruger deres evner i et arbejde, der opleves meningsfyldt.<\/p>\n\n\n\n<blockquote class=\"wp-block-quote is-style-plain is-layout-flow wp-block-quote-is-layout-flow\">\n<p class=\"has-white-color has-text-color has-link-color wp-elements-2362e8e1eab00ccf7a190cd6b9958f73\">Jeg formidler relevante v\u00e6rkt\u00f8jer og viden med henblik p\u00e5, at den ledige f\u00e5r styrket sit selvv\u00e6rd, sin selvtillid, tro p\u00e5 egne evner og m\u00e5ske i processen f\u00e5r \u00f8je p\u00e5 skjulte kompetencer. Samtidig arbejder jeg helt konkret med, at den ledige tilegner sig redskaber til en m\u00e5lrettet jobs\u00f8gning, s\u00e5ledes at den ledige pr\u00e6senterer sig attraktivt op mod det lokale arbejdsmarkeds behov.<\/p>\n<\/blockquote>\n\n\n\n<p>&#8230;or something like this:<\/p>\n\n\n\n<blockquote class=\"wp-block-quote is-layout-flow wp-block-quote-is-layout-flow\">\n<p>The XYZ Doohickey Company was founded in 1971, and has been providing quality doohickeys to the public ever since. Located in Gotham City, XYZ employs over 2,000 people and does all kinds of awesome things for the Gotham community.<\/p>\n<\/blockquote>\n\n\n\n<p>As a new WordPress user, you should go to <a href=\"https:\/\/dittalerum.dk\/wp-admin\/\">your dashboard<\/a> to delete this page and create new pages for your content. Have fun!<\/p>\n","protected":false},"excerpt":{"rendered":"<p>Jeg hedder J\u00f8rgen Rahb\u00e6k Andreasen og er manden bag Dit Talerum. Min dr\u00f8m med Dit Talerum er, at mennesker, der [&hellip;]<\/p>\n","protected":false},"author":1,"featured_media":0,"parent":0,"menu_order":0,"comment_status":"closed","ping_status":"open","template":"","meta":{"footnotes":""},"class_list":["post-2","page","type-page","status-publish","hentry"],"yoast_head":"<!-- This site is optimized with the Yoast SEO plugin v26.2 - https:\/\/yoast.com\/wordpress\/plugins\/seo\/ -->\n<title>Om Dit Talerum - Dit Talerum<\/title>\n<meta name=\"robots\" content=\"index, follow, max-snippet:-1, max-image-preview:large, max-video-preview:-1\" \/>\n<link rel=\"canonical\" href=\"https:\/\/dittalerum.dk\/?page_id=2\" \/>\n<meta property=\"og:locale\" content=\"da_DK\" \/>\n<meta property=\"og:type\" content=\"article\" \/>\n<meta property=\"og:title\" content=\"Om Dit Talerum - Dit Talerum\" \/>\n<meta property=\"og:description\" content=\"Jeg hedder J\u00f8rgen Rahb\u00e6k Andreasen og er manden bag Dit Talerum. Min dr\u00f8m med Dit Talerum er, at mennesker, der [&hellip;]\" \/>\n<meta property=\"og:url\" content=\"https:\/\/dittalerum.dk\/?page_id=2\" \/>\n<meta property=\"og:site_name\" content=\"Dit Talerum\" \/>\n<meta property=\"article:modified_time\" content=\"2024-11-08T14:51:26+00:00\" \/>\n<meta name=\"twitter:card\" content=\"summary_large_image\" \/>\n<meta name=\"twitter:label1\" content=\"Estimeret l\u00e6setid\" \/>\n\t<meta name=\"twitter:data1\" content=\"1 minut\" \/>\n<script type=\"application\/ld+json\" class=\"yoast-schema-graph\">{\"@context\":\"https:\/\/schema.org\",\"@graph\":[{\"@type\":\"WebPage\",\"@id\":\"https:\/\/dittalerum.dk\/?page_id=2\",\"url\":\"https:\/\/dittalerum.dk\/?page_id=2\",\"name\":\"Om Dit Talerum - Dit Talerum\",\"isPartOf\":{\"@id\":\"https:\/\/dittalerum.dk\/#website\"},\"datePublished\":\"2024-10-29T14:39:06+00:00\",\"dateModified\":\"2024-11-08T14:51:26+00:00\",\"breadcrumb\":{\"@id\":\"https:\/\/dittalerum.dk\/?page_id=2#breadcrumb\"},\"inLanguage\":\"da-DK\",\"potentialAction\":[{\"@type\":\"ReadAction\",\"target\":[\"https:\/\/dittalerum.dk\/?page_id=2\"]}]},{\"@type\":\"BreadcrumbList\",\"@id\":\"https:\/\/dittalerum.dk\/?page_id=2#breadcrumb\",\"itemListElement\":[{\"@type\":\"ListItem\",\"position\":1,\"name\":\"Home\",\"item\":\"https:\/\/dittalerum.dk\/\"},{\"@type\":\"ListItem\",\"position\":2,\"name\":\"Om Dit Talerum\"}]},{\"@type\":\"WebSite\",\"@id\":\"https:\/\/dittalerum.dk\/#website\",\"url\":\"https:\/\/dittalerum.dk\/\",\"name\":\"Dit Talerum\",\"description\":\"Siden er under opbygning ... kom forbi senere\",\"potentialAction\":[{\"@type\":\"SearchAction\",\"target\":{\"@type\":\"EntryPoint\",\"urlTemplate\":\"https:\/\/dittalerum.dk\/?s={search_term_string}\"},\"query-input\":{\"@type\":\"PropertyValueSpecification\",\"valueRequired\":true,\"valueName\":\"search_term_string\"}}],\"inLanguage\":\"da-DK\"}]}<\/script>\n<!-- \/ Yoast SEO plugin. -->","yoast_head_json":{"title":"Om Dit Talerum - Dit Talerum","robots":{"index":"index","follow":"follow","max-snippet":"max-snippet:-1","max-image-preview":"max-image-preview:large","max-video-preview":"max-video-preview:-1"},"canonical":"https:\/\/dittalerum.dk\/?page_id=2","og_locale":"da_DK","og_type":"article","og_title":"Om Dit Talerum - Dit Talerum","og_description":"Jeg hedder J\u00f8rgen Rahb\u00e6k Andreasen og er manden bag Dit Talerum. Min dr\u00f8m med Dit Talerum er, at mennesker, der [&hellip;]","og_url":"https:\/\/dittalerum.dk\/?page_id=2","og_site_name":"Dit Talerum","article_modified_time":"2024-11-08T14:51:26+00:00","twitter_card":"summary_large_image","twitter_misc":{"Estimeret l\u00e6setid":"1 minut"},"schema":{"@context":"https:\/\/schema.org","@graph":[{"@type":"WebPage","@id":"https:\/\/dittalerum.dk\/?page_id=2","url":"https:\/\/dittalerum.dk\/?page_id=2","name":"Om Dit Talerum - Dit Talerum","isPartOf":{"@id":"https:\/\/dittalerum.dk\/#website"},"datePublished":"2024-10-29T14:39:06+00:00","dateModified":"2024-11-08T14:51:26+00:00","breadcrumb":{"@id":"https:\/\/dittalerum.dk\/?page_id=2#breadcrumb"},"inLanguage":"da-DK","potentialAction":[{"@type":"ReadAction","target":["https:\/\/dittalerum.dk\/?page_id=2"]}]},{"@type":"BreadcrumbList","@id":"https:\/\/dittalerum.dk\/?page_id=2#breadcrumb","itemListElement":[{"@type":"ListItem","position":1,"name":"Home","item":"https:\/\/dittalerum.dk\/"},{"@type":"ListItem","position":2,"name":"Om Dit Talerum"}]},{"@type":"WebSite","@id":"https:\/\/dittalerum.dk\/#website","url":"https:\/\/dittalerum.dk\/","name":"Dit Talerum","description":"Siden er under opbygning ... kom forbi senere","potentialAction":[{"@type":"SearchAction","target":{"@type":"EntryPoint","urlTemplate":"https:\/\/dittalerum.dk\/?s={search_term_string}"},"query-input":{"@type":"PropertyValueSpecification","valueRequired":true,"valueName":"search_term_string"}}],"inLanguage":"da-DK"}]}},"_links":{"self":[{"href":"https:\/\/dittalerum.dk\/index.php?rest_route=\/wp\/v2\/pages\/2","targetHints":{"allow":["GET"]}}],"collection":[{"href":"https:\/\/dittalerum.dk\/index.php?rest_route=\/wp\/v2\/pages"}],"about":[{"href":"https:\/\/dittalerum.dk\/index.php?rest_route=\/wp\/v2\/types\/page"}],"author":[{"embeddable":true,"href":"https:\/\/dittalerum.dk\/index.php?rest_route=\/wp\/v2\/users\/1"}],"replies":[{"embeddable":true,"href":"https:\/\/dittalerum.dk\/index.php?rest_route=%2Fwp%2Fv2%2Fcomments&post=2"}],"version-history":[{"count":3,"href":"https:\/\/dittalerum.dk\/index.php?rest_route=\/wp\/v2\/pages\/2\/revisions"}],"predecessor-version":[{"id":35,"href":"https:\/\/dittalerum.dk\/index.php?rest_route=\/wp\/v2\/pages\/2\/revisions\/35"}],"wp:attachment":[{"href":"https:\/\/dittalerum.dk\/index.php?rest_route=%2Fwp%2Fv2%2Fmedia&parent=2"}],"curies":[{"name":"wp","href":"https:\/\/api.w.org\/{rel}","templated":true}]}}